{"id":9358,"date":"2024-08-20T12:35:55","date_gmt":"2024-08-20T12:35:55","guid":{"rendered":"https:\/\/www.aromesoil.com\/renuncia\/"},"modified":"2024-12-20T11:39:09","modified_gmt":"2024-12-20T11:39:09","slug":"exencion-de-responsabilidad","status":"publish","type":"page","link":"https:\/\/www.aromesoil.com\/es\/exencion-de-responsabilidad\/","title":{"rendered":"Exenci\u00f3n de Responsabilidad"},"content":{"rendered":"<p>Este documento obtiene su informaci\u00f3n de fuentes consideradas actuales y confiables, pero no se garantiza su integridad o precisi\u00f3n. La informaci\u00f3n en este sitio web puede no estar siempre verificada o validada por Aromesoil. Nada en este documento debe interpretarse como una recomendaci\u00f3n de Aromesoil sobre la idoneidad de cualquier uso. Aunque se realizan esfuerzos para garantizar la exactitud de la informaci\u00f3n, Aromesoil declina toda responsabilidad por errores en estas publicaciones y por cualquier confianza depositada en ellas. Aromesoil no es responsable de los da\u00f1os que surjan del uso o confianza en esta informaci\u00f3n.<\/p>\n<p>Los usuarios del producto son los \u00fanicos responsables de cumplir con todas las leyes y regulaciones aplicables, incluidos los derechos de propiedad intelectual de terceros. Los clientes pueden utilizar la informaci\u00f3n proporcionada por Aromesoil solo con la comprensi\u00f3n clara de que deben usar todos los productos bajo su propio riesgo y \u00fanicamente despu\u00e9s de consultar las Hojas de Datos de Seguridad del Material (MSDS) y toda otra informaci\u00f3n t\u00e9cnica relevante espec\u00edfica del producto. Aromesoil no es responsable de ning\u00fan da\u00f1o, reacciones adversas o consecuencias derivadas del uso o confianza en esta informaci\u00f3n.<\/p>\n<p>Los resultados deseados pueden no siempre lograrse debido a variaciones en los ingredientes, temperaturas, errores humanos o la capacidad individual de seguir las instrucciones. Dado que el uso ordinario o de otro tipo de este producto est\u00e1 fuera del control de Aromesoil, no se hace ninguna declaraci\u00f3n o garant\u00eda, ya sea expresa o impl\u00edcita, sobre la efectividad de dichos usos o los resultados obtenidos. La responsabilidad de Aromesoil est\u00e1 limitada al valor de los bienes y no cubre p\u00e9rdidas consecuentes. Adem\u00e1s, Aromesoil no es responsable del contenido de las opiniones de los clientes ni de los productos utilizados de manera inadecuada.<\/p>\n<p>Tenga en cuenta que la Federaci\u00f3n Internacional de Aromaterapeutas no recomienda el uso interno de aceites esenciales a menos que sea supervisado por un m\u00e9dico calificado en aromaterapia cl\u00ednica. Adem\u00e1s, los aceites esenciales deben diluirse adecuadamente antes de su uso para evitar da\u00f1os a la propiedad o efectos f\u00edsicos adversos, incluyendo lesiones o da\u00f1os corporales.<\/p>\n<p>En caso de disputa, el Cliente acepta que la Jurisdicci\u00f3n se limita a Guadalajara (Espa\u00f1a).<\/p>\n","protected":false},"excerpt":{"rendered":"<p>Este documento obtiene su informaci\u00f3n de fuentes consideradas actuales y confiables, pero no se garantiza su integridad o precisi\u00f3n. La informaci\u00f3n en este sitio web puede no estar siempre verificada o validada por Aromesoil. Nada en este documento debe interpretarse como una recomendaci\u00f3n de Aromesoil sobre la idoneidad de cualquier uso. Aunque se realizan esfuerzos [&hellip;]<\/p>\n","protected":false},"author":3,"featured_media":0,"parent":0,"menu_order":0,"comment_status":"closed","ping_status":"closed","template":"","meta":{"_acf_changed":false,"site-sidebar-layout":"default","site-content-layout":"","ast-site-content-layout":"default","site-content-style":"default","site-sidebar-style":"default","ast-global-header-display":"","ast-banner-title-visibility":"","ast-main-header-display":"","ast-hfb-above-header-display":"","ast-hfb-below-header-display":"","ast-hfb-mobile-header-display":"","site-post-title":"","ast-breadcrumbs-content":"","ast-featured-img":"","footer-sml-layout":"","theme-transparent-header-meta":"default","adv-header-id-meta":"","stick-header-meta":"","header-above-stick-meta":"","header-main-stick-meta":"","header-below-stick-meta":"","astra-migrate-meta-layouts":"set","ast-page-background-enabled":"default","ast-page-background-meta":{"desktop":{"background-color":"var(--ast-global-color-4)","background-image":"","background-repeat":"repeat","background-position":"center center","background-size":"auto","background-attachment":"scroll","background-type":"","background-media":"","overlay-type":"","overlay-color":"","overlay-gradient":""},"tablet":{"background-color":"","background-image":"","background-repeat":"repeat","background-position":"center center","background-size":"auto","background-attachment":"scroll","background-type":"","background-media":"","overlay-type":"","overlay-color":"","overlay-gradient":""},"mobile":{"background-color":"","background-image":"","background-repeat":"repeat","background-position":"center center","background-size":"auto","background-attachment":"scroll","background-type":"","background-media":"","overlay-type":"","overlay-color":"","overlay-gradient":""}},"ast-content-background-meta":{"desktop":{"background-color":"var(--ast-global-color-5)","background-image":"","background-repeat":"repeat","background-position":"center center","background-size":"auto","background-attachment":"scroll","background-type":"","background-media":"","overlay-type":"","overlay-color":"","overlay-gradient":""},"tablet":{"background-color":"var(--ast-global-color-5)","background-image":"","background-repeat":"repeat","background-position":"center center","background-size":"auto","background-attachment":"scroll","background-type":"","background-media":"","overlay-type":"","overlay-color":"","overlay-gradient":""},"mobile":{"background-color":"var(--ast-global-color-5)","background-image":"","background-repeat":"repeat","background-position":"center center","background-size":"auto","background-attachment":"scroll","background-type":"","background-media":"","overlay-type":"","overlay-color":"","overlay-gradient":""}},"footnotes":""},"class_list":["post-9358","page","type-page","status-publish","hentry"],"acf":[],"_links":{"self":[{"href":"https:\/\/www.aromesoil.com\/es\/wp-json\/wp\/v2\/pages\/9358","targetHints":{"allow":["GET"]}}],"collection":[{"href":"https:\/\/www.aromesoil.com\/es\/wp-json\/wp\/v2\/pages"}],"about":[{"href":"https:\/\/www.aromesoil.com\/es\/wp-json\/wp\/v2\/types\/page"}],"author":[{"embeddable":true,"href":"https:\/\/www.aromesoil.com\/es\/wp-json\/wp\/v2\/users\/3"}],"replies":[{"embeddable":true,"href":"https:\/\/www.aromesoil.com\/es\/wp-json\/wp\/v2\/comments?post=9358"}],"version-history":[{"count":3,"href":"https:\/\/www.aromesoil.com\/es\/wp-json\/wp\/v2\/pages\/9358\/revisions"}],"predecessor-version":[{"id":9908,"href":"https:\/\/www.aromesoil.com\/es\/wp-json\/wp\/v2\/pages\/9358\/revisions\/9908"}],"wp:attachment":[{"href":"https:\/\/www.aromesoil.com\/es\/wp-json\/wp\/v2\/media?parent=9358"}],"curies":[{"name":"wp","href":"https:\/\/api.w.org\/{rel}","templated":true}]}}