{"id":9399,"date":"2024-06-03T17:11:26","date_gmt":"2024-06-03T17:11:26","guid":{"rendered":"https:\/\/www.aromesoil.com\/product\/aceite-esencial-de-naranja\/"},"modified":"2025-04-24T13:44:27","modified_gmt":"2025-04-24T13:44:27","slug":"aceite-esencial-de-naranja","status":"publish","type":"product","link":"https:\/\/www.aromesoil.com\/es\/producto\/aceite-esencial-de-naranja\/","title":{"rendered":"Aceite esencial de Naranja"},"content":{"rendered":"<h2 class=\"titulprod\">Aceite esencial de Naranja<\/h2>\n<p class=\"contentprod\">Extra\u00eddo de la c\u00e1scara de Citrus sinensis, el aceite esencial de naranja ofrece un aroma dulce y c\u00edtrico que refleja el car\u00e1cter vibrante de sus or\u00edgenes en Espa\u00f1a. Este aceite es ideal para aquellos que disfrutan de aromas brillantes y estimulantes.<\/p>\n","protected":false},"excerpt":{"rendered":"<p>Extra\u00eddo de la c\u00e1scara de Citrus sinensis, el aceite esencial de naranja ofrece un aroma dulce y c\u00edtrico que refleja el car\u00e1cter vibrante de sus or\u00edgenes en Espa\u00f1a. Este aceite es ideal para aquellos que disfrutan de aromas brillantes y estimulantes.<\/p>\n","protected":false},"featured_media":11999,"comment_status":"open","ping_status":"closed","template":"","meta":{"_acf_changed":false,"site-sidebar-layout":"default","site-content-layout":"","ast-site-content-layout":"default","site-content-style":"default","site-sidebar-style":"default","ast-global-header-display":"","ast-banner-title-visibility":"","ast-main-header-display":"","ast-hfb-above-header-display":"","ast-hfb-below-header-display":"","ast-hfb-mobile-header-display":"","site-post-title":"","ast-breadcrumbs-content":"","ast-featured-img":"","footer-sml-layout":"","theme-transparent-header-meta":"default","adv-header-id-meta":"","stick-header-meta":"","header-above-stick-meta":"","header-main-stick-meta":"","header-below-stick-meta":"","astra-migrate-meta-layouts":"set","ast-page-background-enabled":"default","ast-page-background-meta":{"desktop":{"background-color":"var(--ast-global-color-4)","background-image":"","background-repeat":"repeat","background-position":"center center","background-size":"auto","background-attachment":"scroll","background-type":"","background-media":"","overlay-type":"","overlay-color":"","overlay-gradient":""},"tablet":{"background-color":"","background-image":"","background-repeat":"repeat","background-position":"center center","background-size":"auto","background-attachment":"scroll","background-type":"","background-media":"","overlay-type":"","overlay-color":"","overlay-gradient":""},"mobile":{"background-color":"","background-image":"","background-repeat":"repeat","background-position":"center center","background-size":"auto","background-attachment":"scroll","background-type":"","background-media":"","overlay-type":"","overlay-color":"","overlay-gradient":""}},"ast-content-background-meta":{"desktop":{"background-color":"var(--ast-global-color-5)","background-image":"","background-repeat":"repeat","background-position":"center center","background-size":"auto","background-attachment":"scroll","background-type":"","background-media":"","overlay-type":"","overlay-color":"","overlay-gradient":""},"tablet":{"background-color":"var(--ast-global-color-5)","background-image":"","background-repeat":"repeat","background-position":"center center","background-size":"auto","background-attachment":"scroll","background-type":"","background-media":"","overlay-type":"","overlay-color":"","overlay-gradient":""},"mobile":{"background-color":"var(--ast-global-color-5)","background-image":"","background-repeat":"repeat","background-position":"center center","background-size":"auto","background-attachment":"scroll","background-type":"","background-media":"","overlay-type":"","overlay-color":"","overlay-gradient":""}}},"product_brand":[],"product_cat":[90],"product_tag":[91,92],"class_list":{"0":"post-9399","1":"product","2":"type-product","3":"status-publish","4":"has-post-thumbnail","6":"product_cat-tienda-de-aceites-esenciales","7":"product_tag-convencional","8":"product_tag-mercancias-peligrosas","9":"pa_peso-500-ml","10":"pa_peso-1kg-es","11":"pa_peso-250ml-es","12":"pa_peso-5kg-es","13":"desktop-align-center","14":"tablet-align-left","15":"mobile-align-left","17":"first","18":"instock","19":"taxable","20":"shipping-taxable","21":"purchasable","22":"product-type-variable","23":"has-default-attributes"},"acf":[],"_links":{"self":[{"href":"https:\/\/www.aromesoil.com\/es\/wp-json\/wp\/v2\/product\/9399","targetHints":{"allow":["GET"]}}],"collection":[{"href":"https:\/\/www.aromesoil.com\/es\/wp-json\/wp\/v2\/product"}],"about":[{"href":"https:\/\/www.aromesoil.com\/es\/wp-json\/wp\/v2\/types\/product"}],"replies":[{"embeddable":true,"href":"https:\/\/www.aromesoil.com\/es\/wp-json\/wp\/v2\/comments?post=9399"}],"wp:featuredmedia":[{"embeddable":true,"href":"https:\/\/www.aromesoil.com\/es\/wp-json\/wp\/v2\/media\/11999"}],"wp:attachment":[{"href":"https:\/\/www.aromesoil.com\/es\/wp-json\/wp\/v2\/media?parent=9399"}],"wp:term":[{"taxonomy":"product_brand","embeddable":true,"href":"https:\/\/www.aromesoil.com\/es\/wp-json\/wp\/v2\/product_brand?post=9399"},{"taxonomy":"product_cat","embeddable":true,"href":"https:\/\/www.aromesoil.com\/es\/wp-json\/wp\/v2\/product_cat?post=9399"},{"taxonomy":"product_tag","embeddable":true,"href":"https:\/\/www.aromesoil.com\/es\/wp-json\/wp\/v2\/product_tag?post=9399"}],"curies":[{"name":"wp","href":"https:\/\/api.w.org\/{rel}","templated":true}]}}