{"id":9460,"date":"2024-06-03T17:14:37","date_gmt":"2024-06-03T17:14:37","guid":{"rendered":"https:\/\/www.aromesoil.com\/product\/aceite-esencial-de-ylang-ylang-iii\/"},"modified":"2025-04-25T07:02:03","modified_gmt":"2025-04-25T07:02:03","slug":"aceite-esencial-de-ylang-ylang-iii","status":"publish","type":"product","link":"https:\/\/www.aromesoil.com\/es\/producto\/aceite-esencial-de-ylang-ylang-iii\/","title":{"rendered":"Aceite esencial de Ylang Ylang III"},"content":{"rendered":"<h2 class=\"titulprod\">Aceite esencial de Ylang Ylang III<\/h2>\n<p>Destilado de las flores de <em>Cananga odorata<\/em> que prosperan en el clima tropical de Madagascar, nuestro aceite esencial de Ylang Ylang III ofrece un aroma floral lujoso que captura el car\u00e1cter ex\u00f3tico de esta planta tropical. Es ideal para quienes aprecian fragancias dulces y florales que evocan un ambiente c\u00e1lido y rom\u00e1ntico.<\/p>\n","protected":false},"excerpt":{"rendered":"<p>Destilado de las flores de <em>Cananga odorata<\/em> que prosperan en el clima tropical de Madagascar, nuestro aceite esencial de Ylang Ylang III ofrece un aroma floral lujoso que captura el car\u00e1cter ex\u00f3tico de esta planta tropical. Es ideal para quienes aprecian fragancias dulces y florales que evocan un ambiente c\u00e1lido y rom\u00e1ntico.<\/p>\n","protected":false},"featured_media":10352,"comment_status":"open","ping_status":"closed","template":"","meta":{"_acf_changed":false,"site-sidebar-layout":"default","site-content-layout":"","ast-site-content-layout":"default","site-content-style":"default","site-sidebar-style":"default","ast-global-header-display":"","ast-banner-title-visibility":"","ast-main-header-display":"","ast-hfb-above-header-display":"","ast-hfb-below-header-display":"","ast-hfb-mobile-header-display":"","site-post-title":"","ast-breadcrumbs-content":"","ast-featured-img":"","footer-sml-layout":"","theme-transparent-header-meta":"default","adv-header-id-meta":"","stick-header-meta":"","header-above-stick-meta":"","header-main-stick-meta":"","header-below-stick-meta":"","astra-migrate-meta-layouts":"set","ast-page-background-enabled":"default","ast-page-background-meta":{"desktop":{"background-color":"var(--ast-global-color-4)","background-image":"","background-repeat":"repeat","background-position":"center center","background-size":"auto","background-attachment":"scroll","background-type":"","background-media":"","overlay-type":"","overlay-color":"","overlay-gradient":""},"tablet":{"background-color":"","background-image":"","background-repeat":"repeat","background-position":"center center","background-size":"auto","background-attachment":"scroll","background-type":"","background-media":"","overlay-type":"","overlay-color":"","overlay-gradient":""},"mobile":{"background-color":"","background-image":"","background-repeat":"repeat","background-position":"center center","background-size":"auto","background-attachment":"scroll","background-type":"","background-media":"","overlay-type":"","overlay-color":"","overlay-gradient":""}},"ast-content-background-meta":{"desktop":{"background-color":"var(--ast-global-color-5)","background-image":"","background-repeat":"repeat","background-position":"center center","background-size":"auto","background-attachment":"scroll","background-type":"","background-media":"","overlay-type":"","overlay-color":"","overlay-gradient":""},"tablet":{"background-color":"var(--ast-global-color-5)","background-image":"","background-repeat":"repeat","background-position":"center center","background-size":"auto","background-attachment":"scroll","background-type":"","background-media":"","overlay-type":"","overlay-color":"","overlay-gradient":""},"mobile":{"background-color":"var(--ast-global-color-5)","background-image":"","background-repeat":"repeat","background-position":"center center","background-size":"auto","background-attachment":"scroll","background-type":"","background-media":"","overlay-type":"","overlay-color":"","overlay-gradient":""}}},"product_brand":[],"product_cat":[90],"product_tag":[91],"class_list":{"0":"post-9460","1":"product","2":"type-product","3":"status-publish","4":"has-post-thumbnail","6":"product_cat-tienda-de-aceites-esenciales","7":"product_tag-convencional","8":"pa_peso-500-ml","9":"pa_peso-1kg-es","10":"pa_peso-250ml-es","11":"pa_peso-5kg-es","12":"desktop-align-center","13":"tablet-align-left","14":"mobile-align-left","16":"first","17":"instock","18":"taxable","19":"shipping-taxable","20":"purchasable","21":"product-type-variable","22":"has-default-attributes"},"acf":[],"_links":{"self":[{"href":"https:\/\/www.aromesoil.com\/es\/wp-json\/wp\/v2\/product\/9460","targetHints":{"allow":["GET"]}}],"collection":[{"href":"https:\/\/www.aromesoil.com\/es\/wp-json\/wp\/v2\/product"}],"about":[{"href":"https:\/\/www.aromesoil.com\/es\/wp-json\/wp\/v2\/types\/product"}],"replies":[{"embeddable":true,"href":"https:\/\/www.aromesoil.com\/es\/wp-json\/wp\/v2\/comments?post=9460"}],"wp:featuredmedia":[{"embeddable":true,"href":"https:\/\/www.aromesoil.com\/es\/wp-json\/wp\/v2\/media\/10352"}],"wp:attachment":[{"href":"https:\/\/www.aromesoil.com\/es\/wp-json\/wp\/v2\/media?parent=9460"}],"wp:term":[{"taxonomy":"product_brand","embeddable":true,"href":"https:\/\/www.aromesoil.com\/es\/wp-json\/wp\/v2\/product_brand?post=9460"},{"taxonomy":"product_cat","embeddable":true,"href":"https:\/\/www.aromesoil.com\/es\/wp-json\/wp\/v2\/product_cat?post=9460"},{"taxonomy":"product_tag","embeddable":true,"href":"https:\/\/www.aromesoil.com\/es\/wp-json\/wp\/v2\/product_tag?post=9460"}],"curies":[{"name":"wp","href":"https:\/\/api.w.org\/{rel}","templated":true}]}}