{"id":9610,"date":"2024-09-25T11:43:39","date_gmt":"2024-09-25T11:43:39","guid":{"rendered":"https:\/\/www.aromesoil.com\/product\/hidrolato-de-azahar-neroli\/"},"modified":"2025-04-29T07:51:52","modified_gmt":"2025-04-29T07:51:52","slug":"hidrolato-de-azahar-neroli","status":"publish","type":"product","link":"https:\/\/www.aromesoil.com\/es\/producto\/hidrolato-de-azahar-neroli\/","title":{"rendered":"Hidrolato de Azahar Neroli"},"content":{"rendered":"<h2 class=\"titulprod\">Hidrolato de Azahar Neroli<\/h2>\n<p>Destilado de las delicadas flores del naranjo amargo, <em>Citrus aurantium<\/em>, nuestro Hidrolato de Azahar Neroli refleja la esencia de cuatro regiones \u00fanicas: Espa\u00f1a, Egipto, Marruecos y T\u00fanez. Esta agua floral es valorada por su aroma ligero y versatilidad en diversos usos.<\/p>\n","protected":false},"excerpt":{"rendered":"<p>Destilado de las delicadas flores del naranjo amargo, <em>Citrus aurantium<\/em>, nuestro Hidrolato de Azahar Neroli refleja la esencia de cuatro regiones \u00fanicas: Espa\u00f1a, Egipto, Marruecos y T\u00fanez. Esta agua floral es valorada por su aroma ligero y versatilidad en diversos usos.<\/p>\n","protected":false},"featured_media":10003,"comment_status":"open","ping_status":"closed","template":"","meta":{"_acf_changed":false,"site-sidebar-layout":"default","site-content-layout":"","ast-site-content-layout":"default","site-content-style":"default","site-sidebar-style":"default","ast-global-header-display":"","ast-banner-title-visibility":"","ast-main-header-display":"","ast-hfb-above-header-display":"","ast-hfb-below-header-display":"","ast-hfb-mobile-header-display":"","site-post-title":"","ast-breadcrumbs-content":"","ast-featured-img":"","footer-sml-layout":"","theme-transparent-header-meta":"default","adv-header-id-meta":"","stick-header-meta":"","header-above-stick-meta":"","header-main-stick-meta":"","header-below-stick-meta":"","astra-migrate-meta-layouts":"set","ast-page-background-enabled":"default","ast-page-background-meta":{"desktop":{"background-color":"var(--ast-global-color-4)","background-image":"","background-repeat":"repeat","background-position":"center center","background-size":"auto","background-attachment":"scroll","background-type":"","background-media":"","overlay-type":"","overlay-color":"","overlay-gradient":""},"tablet":{"background-color":"","background-image":"","background-repeat":"repeat","background-position":"center center","background-size":"auto","background-attachment":"scroll","background-type":"","background-media":"","overlay-type":"","overlay-color":"","overlay-gradient":""},"mobile":{"background-color":"","background-image":"","background-repeat":"repeat","background-position":"center center","background-size":"auto","background-attachment":"scroll","background-type":"","background-media":"","overlay-type":"","overlay-color":"","overlay-gradient":""}},"ast-content-background-meta":{"desktop":{"background-color":"var(--ast-global-color-5)","background-image":"","background-repeat":"repeat","background-position":"center center","background-size":"auto","background-attachment":"scroll","background-type":"","background-media":"","overlay-type":"","overlay-color":"","overlay-gradient":""},"tablet":{"background-color":"var(--ast-global-color-5)","background-image":"","background-repeat":"repeat","background-position":"center center","background-size":"auto","background-attachment":"scroll","background-type":"","background-media":"","overlay-type":"","overlay-color":"","overlay-gradient":""},"mobile":{"background-color":"var(--ast-global-color-5)","background-image":"","background-repeat":"repeat","background-position":"center center","background-size":"auto","background-attachment":"scroll","background-type":"","background-media":"","overlay-type":"","overlay-color":"","overlay-gradient":""}}},"product_brand":[],"product_cat":[98],"product_tag":[91],"class_list":{"0":"post-9610","1":"product","2":"type-product","3":"status-publish","4":"has-post-thumbnail","6":"product_cat-hidrolatos","7":"product_tag-convencional","8":"pa_peso-1kg-es","9":"pa_peso-1kg","10":"desktop-align-center","11":"tablet-align-left","12":"mobile-align-left","14":"first","15":"instock","16":"taxable","17":"shipping-taxable","18":"purchasable","19":"product-type-variable"},"acf":[],"_links":{"self":[{"href":"https:\/\/www.aromesoil.com\/es\/wp-json\/wp\/v2\/product\/9610","targetHints":{"allow":["GET"]}}],"collection":[{"href":"https:\/\/www.aromesoil.com\/es\/wp-json\/wp\/v2\/product"}],"about":[{"href":"https:\/\/www.aromesoil.com\/es\/wp-json\/wp\/v2\/types\/product"}],"replies":[{"embeddable":true,"href":"https:\/\/www.aromesoil.com\/es\/wp-json\/wp\/v2\/comments?post=9610"}],"wp:featuredmedia":[{"embeddable":true,"href":"https:\/\/www.aromesoil.com\/es\/wp-json\/wp\/v2\/media\/10003"}],"wp:attachment":[{"href":"https:\/\/www.aromesoil.com\/es\/wp-json\/wp\/v2\/media?parent=9610"}],"wp:term":[{"taxonomy":"product_brand","embeddable":true,"href":"https:\/\/www.aromesoil.com\/es\/wp-json\/wp\/v2\/product_brand?post=9610"},{"taxonomy":"product_cat","embeddable":true,"href":"https:\/\/www.aromesoil.com\/es\/wp-json\/wp\/v2\/product_cat?post=9610"},{"taxonomy":"product_tag","embeddable":true,"href":"https:\/\/www.aromesoil.com\/es\/wp-json\/wp\/v2\/product_tag?post=9610"}],"curies":[{"name":"wp","href":"https:\/\/api.w.org\/{rel}","templated":true}]}}