{"id":9614,"date":"2024-09-25T11:53:51","date_gmt":"2024-09-25T11:53:51","guid":{"rendered":"https:\/\/www.aromesoil.com\/product\/hidrolato-de-azahar-neroli-ecologico\/"},"modified":"2025-03-10T15:35:18","modified_gmt":"2025-03-10T15:35:18","slug":"hidrolato-de-azahar-neroli-ecologico","status":"publish","type":"product","link":"https:\/\/www.aromesoil.com\/es\/producto\/hidrolato-de-azahar-neroli-ecologico\/","title":{"rendered":"Hidrolato de Azahar Neroli Ecol\u00f3gico"},"content":{"rendered":"<h2 class=\"titulprod\">Hidrolato de Azahar Neroli Ecol\u00f3gico<\/h2>\n<p>Destilado de las flores del naranjo amargo, nuestro Hidrolato de Azahar Neroli Ecol\u00f3gico combina la pureza natural de cuatro regiones destacadas: Espa\u00f1a, Egipto, Marruecos y T\u00fanez. Esta agua floral org\u00e1nica es conocida por su fragancia ligera y su versatilidad.<\/p>\n","protected":false},"excerpt":{"rendered":"<p>Destilado de las flores del naranjo amargo, nuestro Hidrolato de Azahar Neroli Ecol\u00f3gico refleja la pureza natural de cuatro regiones distintas: Espa\u00f1a, Egipto, Marruecos y T\u00fanez. Esta agua floral ecol\u00f3gica es reconocida por su fragancia delicada y sus propiedades calmantes.<\/p>\n","protected":false},"featured_media":10011,"comment_status":"open","ping_status":"closed","template":"","meta":{"_acf_changed":false,"site-sidebar-layout":"default","site-content-layout":"","ast-site-content-layout":"default","site-content-style":"default","site-sidebar-style":"default","ast-global-header-display":"","ast-banner-title-visibility":"","ast-main-header-display":"","ast-hfb-above-header-display":"","ast-hfb-below-header-display":"","ast-hfb-mobile-header-display":"","site-post-title":"","ast-breadcrumbs-content":"","ast-featured-img":"","footer-sml-layout":"","theme-transparent-header-meta":"default","adv-header-id-meta":"","stick-header-meta":"","header-above-stick-meta":"","header-main-stick-meta":"","header-below-stick-meta":"","astra-migrate-meta-layouts":"set","ast-page-background-enabled":"default","ast-page-background-meta":{"desktop":{"background-color":"var(--ast-global-color-4)","background-image":"","background-repeat":"repeat","background-position":"center center","background-size":"auto","background-attachment":"scroll","background-type":"","background-media":"","overlay-type":"","overlay-color":"","overlay-gradient":""},"tablet":{"background-color":"","background-image":"","background-repeat":"repeat","background-position":"center center","background-size":"auto","background-attachment":"scroll","background-type":"","background-media":"","overlay-type":"","overlay-color":"","overlay-gradient":""},"mobile":{"background-color":"","background-image":"","background-repeat":"repeat","background-position":"center center","background-size":"auto","background-attachment":"scroll","background-type":"","background-media":"","overlay-type":"","overlay-color":"","overlay-gradient":""}},"ast-content-background-meta":{"desktop":{"background-color":"var(--ast-global-color-5)","background-image":"","background-repeat":"repeat","background-position":"center center","background-size":"auto","background-attachment":"scroll","background-type":"","background-media":"","overlay-type":"","overlay-color":"","overlay-gradient":""},"tablet":{"background-color":"var(--ast-global-color-5)","background-image":"","background-repeat":"repeat","background-position":"center center","background-size":"auto","background-attachment":"scroll","background-type":"","background-media":"","overlay-type":"","overlay-color":"","overlay-gradient":""},"mobile":{"background-color":"var(--ast-global-color-5)","background-image":"","background-repeat":"repeat","background-position":"center center","background-size":"auto","background-attachment":"scroll","background-type":"","background-media":"","overlay-type":"","overlay-color":"","overlay-gradient":""}}},"product_brand":[],"product_cat":[98],"product_tag":[100],"class_list":{"0":"post-9614","1":"product","2":"type-product","3":"status-publish","4":"has-post-thumbnail","6":"product_cat-hidrolatos","7":"product_tag-organico","8":"pa_peso-1kg","9":"pa_peso-1kg-es","10":"desktop-align-center","11":"tablet-align-left","12":"mobile-align-left","14":"first","15":"instock","16":"taxable","17":"shipping-taxable","18":"purchasable","19":"product-type-variable"},"acf":[],"_links":{"self":[{"href":"https:\/\/www.aromesoil.com\/es\/wp-json\/wp\/v2\/product\/9614","targetHints":{"allow":["GET"]}}],"collection":[{"href":"https:\/\/www.aromesoil.com\/es\/wp-json\/wp\/v2\/product"}],"about":[{"href":"https:\/\/www.aromesoil.com\/es\/wp-json\/wp\/v2\/types\/product"}],"replies":[{"embeddable":true,"href":"https:\/\/www.aromesoil.com\/es\/wp-json\/wp\/v2\/comments?post=9614"}],"wp:featuredmedia":[{"embeddable":true,"href":"https:\/\/www.aromesoil.com\/es\/wp-json\/wp\/v2\/media\/10011"}],"wp:attachment":[{"href":"https:\/\/www.aromesoil.com\/es\/wp-json\/wp\/v2\/media?parent=9614"}],"wp:term":[{"taxonomy":"product_brand","embeddable":true,"href":"https:\/\/www.aromesoil.com\/es\/wp-json\/wp\/v2\/product_brand?post=9614"},{"taxonomy":"product_cat","embeddable":true,"href":"https:\/\/www.aromesoil.com\/es\/wp-json\/wp\/v2\/product_cat?post=9614"},{"taxonomy":"product_tag","embeddable":true,"href":"https:\/\/www.aromesoil.com\/es\/wp-json\/wp\/v2\/product_tag?post=9614"}],"curies":[{"name":"wp","href":"https:\/\/api.w.org\/{rel}","templated":true}]}}