{"id":9763,"date":"2024-06-03T17:26:52","date_gmt":"2024-06-03T17:26:52","guid":{"rendered":"https:\/\/www.aromesoil.com\/product\/aceite-esencial-de-tanaceto-azul-organico\/"},"modified":"2025-04-23T08:17:22","modified_gmt":"2025-04-23T08:17:22","slug":"aceite-esencial-de-tanaceto-azul-ecologico","status":"publish","type":"product","link":"https:\/\/www.aromesoil.com\/es\/producto\/aceite-esencial-de-tanaceto-azul-ecologico\/","title":{"rendered":"Aceite esencial de Tanaceto Azul Ecol\u00f3gico"},"content":{"rendered":"<h2 class=\"titulprod\">Aceite esencial de Tanaceto Azul Ecol\u00f3gico<\/h2>\n<p>Destilado de las flores de <em>Tanacetum annuum<\/em>, nuestro aceite esencial de Tanaceto azul ecol\u00f3gico se destaca por su color azul intenso y su aroma dulce y herb\u00e1ceo. Surtido de los ricos paisajes de Espa\u00f1a, este aceite es conocido por su fragancia \u00fanica y su color vibrante, derivado de su alto contenido de camazuleno.<\/p>\n","protected":false},"excerpt":{"rendered":"<p>Destilado de las flores de <em>Tanacetum annuum<\/em>, nuestro aceite esencial de Tanaceto azul ecol\u00f3gico se destaca por su color azul intenso y su aroma dulce y herb\u00e1ceo. Surtido de los ricos paisajes de Espa\u00f1a, este aceite es conocido por su fragancia \u00fanica y su color vibrante, derivado de su alto contenido de camazuleno.<\/p>\n","protected":false},"featured_media":10432,"comment_status":"open","ping_status":"closed","template":"","meta":{"_acf_changed":false,"site-sidebar-layout":"default","site-content-layout":"","ast-site-content-layout":"default","site-content-style":"default","site-sidebar-style":"default","ast-global-header-display":"","ast-banner-title-visibility":"","ast-main-header-display":"","ast-hfb-above-header-display":"","ast-hfb-below-header-display":"","ast-hfb-mobile-header-display":"","site-post-title":"","ast-breadcrumbs-content":"","ast-featured-img":"","footer-sml-layout":"","theme-transparent-header-meta":"default","adv-header-id-meta":"","stick-header-meta":"","header-above-stick-meta":"","header-main-stick-meta":"","header-below-stick-meta":"","astra-migrate-meta-layouts":"set","ast-page-background-enabled":"default","ast-page-background-meta":{"desktop":{"background-color":"var(--ast-global-color-4)","background-image":"","background-repeat":"repeat","background-position":"center center","background-size":"auto","background-attachment":"scroll","background-type":"","background-media":"","overlay-type":"","overlay-color":"","overlay-gradient":""},"tablet":{"background-color":"","background-image":"","background-repeat":"repeat","background-position":"center center","background-size":"auto","background-attachment":"scroll","background-type":"","background-media":"","overlay-type":"","overlay-color":"","overlay-gradient":""},"mobile":{"background-color":"","background-image":"","background-repeat":"repeat","background-position":"center center","background-size":"auto","background-attachment":"scroll","background-type":"","background-media":"","overlay-type":"","overlay-color":"","overlay-gradient":""}},"ast-content-background-meta":{"desktop":{"background-color":"var(--ast-global-color-5)","background-image":"","background-repeat":"repeat","background-position":"center center","background-size":"auto","background-attachment":"scroll","background-type":"","background-media":"","overlay-type":"","overlay-color":"","overlay-gradient":""},"tablet":{"background-color":"var(--ast-global-color-5)","background-image":"","background-repeat":"repeat","background-position":"center center","background-size":"auto","background-attachment":"scroll","background-type":"","background-media":"","overlay-type":"","overlay-color":"","overlay-gradient":""},"mobile":{"background-color":"var(--ast-global-color-5)","background-image":"","background-repeat":"repeat","background-position":"center center","background-size":"auto","background-attachment":"scroll","background-type":"","background-media":"","overlay-type":"","overlay-color":"","overlay-gradient":""}}},"product_brand":[],"product_cat":[90],"product_tag":[92,100],"class_list":{"0":"post-9763","1":"product","2":"type-product","3":"status-publish","4":"has-post-thumbnail","6":"product_cat-tienda-de-aceites-esenciales","7":"product_tag-mercancias-peligrosas","8":"product_tag-organico","9":"pa_peso-250ml-es","10":"desktop-align-center","11":"tablet-align-left","12":"mobile-align-left","14":"first","15":"instock","16":"taxable","17":"shipping-taxable","18":"purchasable","19":"product-type-variable","20":"has-default-attributes"},"acf":[],"_links":{"self":[{"href":"https:\/\/www.aromesoil.com\/es\/wp-json\/wp\/v2\/product\/9763","targetHints":{"allow":["GET"]}}],"collection":[{"href":"https:\/\/www.aromesoil.com\/es\/wp-json\/wp\/v2\/product"}],"about":[{"href":"https:\/\/www.aromesoil.com\/es\/wp-json\/wp\/v2\/types\/product"}],"replies":[{"embeddable":true,"href":"https:\/\/www.aromesoil.com\/es\/wp-json\/wp\/v2\/comments?post=9763"}],"wp:featuredmedia":[{"embeddable":true,"href":"https:\/\/www.aromesoil.com\/es\/wp-json\/wp\/v2\/media\/10432"}],"wp:attachment":[{"href":"https:\/\/www.aromesoil.com\/es\/wp-json\/wp\/v2\/media?parent=9763"}],"wp:term":[{"taxonomy":"product_brand","embeddable":true,"href":"https:\/\/www.aromesoil.com\/es\/wp-json\/wp\/v2\/product_brand?post=9763"},{"taxonomy":"product_cat","embeddable":true,"href":"https:\/\/www.aromesoil.com\/es\/wp-json\/wp\/v2\/product_cat?post=9763"},{"taxonomy":"product_tag","embeddable":true,"href":"https:\/\/www.aromesoil.com\/es\/wp-json\/wp\/v2\/product_tag?post=9763"}],"curies":[{"name":"wp","href":"https:\/\/api.w.org\/{rel}","templated":true}]}}